{"id":2568,"date":"2018-06-18T22:19:22","date_gmt":"2018-06-18T20:19:22","guid":{"rendered":"https:\/\/www.bipartner.be\/big-data-consulting\/"},"modified":"2025-06-16T18:15:15","modified_gmt":"2025-06-16T16:15:15","slug":"big-data-consulting","status":"publish","type":"page","link":"https:\/\/www.bipartner.be\/en\/big-data-consulting\/","title":{"rendered":"Big Data Consulting"},"content":{"rendered":"<p><div class=\"fusion-fullwidth fullwidth-box fusion-builder-row-1 nonhundred-percent-fullwidth non-hundred-percent-height-scrolling fusion-equal-height-columns\" style=\"--awb-border-radius-top-left:0px;--awb-border-radius-top-right:0px;--awb-border-radius-bottom-right:0px;--awb-border-radius-bottom-left:0px;--awb-background-color:#ffffff;--awb-flex-wrap:wrap;\" ><div class=\"fusion-builder-row fusion-row\"><div class=\"fusion-layout-column fusion_builder_column fusion-builder-column-0 fusion_builder_column_1_2 1_2 fusion-one-half fusion-column-first\" style=\"--awb-bg-size:cover;width:50%;width:calc(50% - ( ( 4% ) * 0.5 ) );margin-right: 4%;\"><div class=\"fusion-column-wrapper fusion-flex-column-wrapper-legacy\"><div class=\"fusion-column-content-centered\"><div class=\"fusion-column-content\"><div class=\"fusion-image-element fusion-image-align-left in-legacy-container\" style=\"text-align:left;--awb-caption-title-font-family:var(--h2_typography-font-family);--awb-caption-title-font-weight:var(--h2_typography-font-weight);--awb-caption-title-font-style:var(--h2_typography-font-style);--awb-caption-title-size:var(--h2_typography-font-size);--awb-caption-title-transform:var(--h2_typography-text-transform);--awb-caption-title-line-height:var(--h2_typography-line-height);--awb-caption-title-letter-spacing:var(--h2_typography-letter-spacing);\"><span class=\" fusion-imageframe imageframe-none imageframe-1 hover-type-none fusion-animated\" style=\"margin-right:25px;float:left;\" data-animationType=\"slideInLeft\" data-animationDuration=\"0.5\" data-animationOffset=\"top-into-view\"><img decoding=\"async\" width=\"566\" height=\"566\" title=\"big-data-2\" src=\"https:\/\/www.bipartner.be\/wp-content\/uploads\/2018\/06\/big-data-2.png\" alt class=\"img-responsive wp-image-2265\" srcset=\"https:\/\/www.bipartner.be\/wp-content\/uploads\/2018\/06\/big-data-2-200x200.png 200w, https:\/\/www.bipartner.be\/wp-content\/uploads\/2018\/06\/big-data-2-400x400.png 400w, https:\/\/www.bipartner.be\/wp-content\/uploads\/2018\/06\/big-data-2.png 566w\" sizes=\"(max-width: 1000px) 100vw, 566px\" \/><\/span><\/div><\/div><\/div><div class=\"fusion-clearfix\"><\/div><\/div><\/div><div class=\"fusion-layout-column fusion_builder_column fusion-builder-column-1 fusion_builder_column_1_2 1_2 fusion-one-half fusion-column-last\" style=\"--awb-bg-size:cover;width:50%;width:calc(50% - ( ( 4% ) * 0.5 ) );\"><div class=\"fusion-column-wrapper fusion-flex-column-wrapper-legacy\"><div class=\"fusion-title title fusion-title-1 fusion-sep-none fusion-title-text fusion-title-size-two\"><h2 class=\"fusion-title-heading title-heading-left fusion-responsive-typography-calculated\" style=\"margin:0;--fontSize:44;line-height:1.05;\">Are you facing of big data problems? The risk is that you might have a data problem<\/h2><\/div><div class=\"fusion-text fusion-text-1\"><p>Ask yourself:<\/p>\n<p>Do you accumulate large volumes of data quickly?<br \/>\nIs unstructured data collected without being analyzed?<br \/>\nBig Data is the latest buzzword that turns heads in the industry. Companies wonder if they really have a big data problem.<br \/>\nIs it really a new way of thinking and approaching data? Yes and no.<\/p>\n<p>If your systems can&#8217;t keep up and have trouble analyzing the massive amounts of data collected from various sources, you probably have a big data problem. But the solutions to this situation are varied. Our Big Data consultancy service focuses on what you really need rather than what&#8217;s on the market.<\/p>\n<\/div><div class=\"fusion-clearfix\"><\/div><\/div><\/div><\/div><\/div><div class=\"fusion-fullwidth fullwidth-box fusion-builder-row-2 nonhundred-percent-fullwidth non-hundred-percent-height-scrolling\" style=\"--awb-border-radius-top-left:0px;--awb-border-radius-top-right:0px;--awb-border-radius-bottom-right:0px;--awb-border-radius-bottom-left:0px;--awb-padding-top:50px;--awb-padding-bottom:70px;--awb-background-color:#ffffff;--awb-flex-wrap:wrap;\" ><div class=\"fusion-builder-row fusion-row\"><div class=\"fusion-layout-column fusion_builder_column fusion-builder-column-2 fusion_builder_column_1_1 1_1 fusion-one-full fusion-column-first fusion-column-last\" style=\"--awb-bg-size:cover;--awb-margin-top:80px;--awb-margin-bottom:45px;\"><div class=\"fusion-column-wrapper fusion-flex-column-wrapper-legacy\"><div class=\"fusion-title title fusion-title-2 fusion-sep-none fusion-title-center fusion-title-text fusion-title-size-two\" style=\"--awb-margin-top:0px;\"><h2 class=\"fusion-title-heading title-heading-center fusion-responsive-typography-calculated\" style=\"margin:0;--fontSize:44;line-height:1.05;\">What is your Big Data strategy?<\/h2><\/div><div class=\"fusion-sep-clear\"><\/div><div class=\"fusion-separator\" style=\"margin-left: auto;margin-right: auto;margin-top:16px;margin-bottom:36px;width:100%;max-width:24%;\"><div class=\"fusion-separator-border sep-single\" style=\"--awb-height:20px;--awb-amount:20px;border-color:#5e6276;border-top-width:2px;\"><\/div><\/div><div class=\"fusion-sep-clear\"><\/div><div class=\"fusion-text fusion-text-2\"><p style=\"text-align: center;\">The success of a good Big Data strategy will allow your company to tap into the pools of data collected in order to generate opportunities to stimulate innovation and improve operations.<\/p>\n<p style=\"text-align: center;\">BI Partner has been part of the data industry since 2010 and knows how to exploit these large volumes of data (internal and external). As BI Partner is independent of suppliers, our solution will be adapted to the needs of your business rather than pushing the latest fashionable product.<\/p>\n<p style=\"text-align: center;\">Our Big Data services include:<\/p>\n<\/div><div class=\"fusion-clearfix\"><\/div><\/div><\/div><div class=\"fusion-layout-column fusion_builder_column fusion-builder-column-3 fusion_builder_column_1_2 1_2 fusion-one-half fusion-column-first fusion-animated\" style=\"--awb-bg-size:cover;--awb-margin-top:45px;--awb-margin-bottom:45px;width:50%;width:calc(50% - ( ( 6% ) * 0.5 ) );margin-right: 6%;\" data-animationType=\"slideInUp\" data-animationDuration=\"0.5\" data-animationOffset=\"top-into-view\"><div class=\"fusion-column-wrapper fusion-flex-column-wrapper-legacy\"><div class=\"fusion-fa-align-center\"><i class=\"fb-icon-element-1 fb-icon-element fontawesome-icon fa-database fas circle-yes\" style=\"--awb-iconcolor:var(--awb-custom_color_2);--awb-iconcolor-hover:#f7941d;--awb-circlebordercolor:var(--awb-custom_color_4);--awb-circlebordercolor-hover:#00aeef;--awb-circlebordersize:1px;--awb-font-size:42.24px;--awb-width:84.48px;--awb-height:84.48px;--awb-line-height:82.48px;--awb-margin-bottom:30px;\"><\/i><\/div><div class=\"fusion-title title fusion-title-3 fusion-sep-none fusion-title-center fusion-title-text fusion-title-size-three\"><h3 class=\"fusion-title-heading title-heading-center fusion-responsive-typography-calculated\" style=\"margin:0;--fontSize:26;line-height:1.15;\">Data evaluation and planning<\/h3><\/div><div class=\"fusion-text fusion-text-3\"><p>Identify the types of architecture changes required to take full advantage of both of analyzing large amounts of data and traditional business intelligence.<\/p>\n<\/div><div class=\"fusion-sep-clear\"><\/div><div class=\"fusion-separator fusion-full-width-sep\" style=\"margin-left: auto;margin-right: auto;margin-top:20px;width:100%;\"><\/div><div class=\"fusion-sep-clear\"><\/div><div class=\"fusion-clearfix\"><\/div><\/div><\/div><div class=\"fusion-layout-column fusion_builder_column fusion-builder-column-4 fusion_builder_column_1_2 1_2 fusion-one-half fusion-column-last fusion-animated\" style=\"--awb-bg-size:cover;--awb-margin-top:45px;--awb-margin-bottom:45px;width:50%;width:calc(50% - ( ( 6% ) * 0.5 ) );\" data-animationType=\"slideInUp\" data-animationDuration=\"0.7\" data-animationOffset=\"top-into-view\"><div class=\"fusion-column-wrapper fusion-flex-column-wrapper-legacy\"><div class=\"fusion-fa-align-center\"><i class=\"fb-icon-element-2 fb-icon-element fontawesome-icon fa-map-signs fas circle-yes\" style=\"--awb-iconcolor:var(--awb-custom_color_2);--awb-iconcolor-hover:#f7941d;--awb-circlebordercolor:var(--awb-custom_color_4);--awb-circlebordercolor-hover:#00aeef;--awb-circlebordersize:1px;--awb-font-size:42.24px;--awb-width:84.48px;--awb-height:84.48px;--awb-line-height:82.48px;--awb-margin-bottom:30px;\"><\/i><\/div><div class=\"fusion-title title fusion-title-4 fusion-sep-none fusion-title-center fusion-title-text fusion-title-size-three\"><h3 class=\"fusion-title-heading title-heading-center fusion-responsive-typography-calculated\" style=\"margin:0;--fontSize:26;line-height:1.15;\">Big Data Project Management<\/h3><\/div><div class=\"fusion-text fusion-text-4\"><p>Once we have established what is necessary, a roadmap will be created to implement an appropriate Big Data infrastructure.<\/p>\n<\/div><div class=\"fusion-sep-clear\"><\/div><div class=\"fusion-separator fusion-full-width-sep\" style=\"margin-left: auto;margin-right: auto;margin-top:20px;width:100%;\"><\/div><div class=\"fusion-sep-clear\"><\/div><div class=\"fusion-clearfix\"><\/div><\/div><\/div><\/div><\/div><div class=\"fusion-fullwidth fullwidth-box fusion-builder-row-3 fusion-parallax-none nonhundred-percent-fullwidth non-hundred-percent-height-scrolling\" style=\"--awb-background-position:left top;--awb-border-radius-top-left:0px;--awb-border-radius-top-right:0px;--awb-border-radius-bottom-right:0px;--awb-border-radius-bottom-left:0px;--awb-background-image:url(&quot;https:\/\/www.bipartner.be\/wp-content\/uploads\/2018\/06\/background_forms.jpg&quot;);--awb-background-size:cover;--awb-flex-wrap:wrap;\" ><div class=\"fusion-builder-row fusion-row\"><div class=\"fusion-layout-column fusion_builder_column fusion-builder-column-5 fusion_builder_column_1_2 1_2 fusion-one-half fusion-column-first\" style=\"--awb-bg-size:cover;width:50%;width:calc(50% - ( ( 4% ) * 0.5 ) );margin-right: 4%;\"><div class=\"fusion-column-wrapper fusion-flex-column-wrapper-legacy\"><div class=\"fusion-title title fusion-title-5 fusion-sep-none fusion-title-text fusion-title-size-two\" style=\"--awb-text-color:var(--awb-custom_color_4);\"><h2 class=\"fusion-title-heading title-heading-left fusion-responsive-typography-calculated\" style=\"margin:0;--fontSize:44;line-height:1.05;\"><span>Let&#8217;s talk!<\/span><\/h2><\/div><div class=\"fusion-text fusion-text-5\"><p>Fill out the form below and we will contact you.<\/p>\n<p>Please note that we do not accept yahoo, gmail or hotmail email addresses.<\/p>\n<\/div><div class=\"caldera-grid\" id=\"caldera_form_1\" data-cf-ver=\"1.9.6\" data-cf-form-id=\"CF5b55db37ca8f6\"><div id=\"caldera_notices_1\" data-spinner=\"https:\/\/www.bipartner.be\/wp-admin\/images\/spinner.gif\"><\/div><form data-instance=\"1\" class=\"CF5b55db37ca8f6 caldera_forms_form cfajax-trigger\" method=\"POST\" enctype=\"multipart\/form-data\" id=\"CF5b55db37ca8f6_1\" data-form-id=\"CF5b55db37ca8f6\" aria-label=\"Discutons! (autres pages)\" data-target=\"#caldera_notices_1\" data-template=\"#cfajax_CF5b55db37ca8f6-tmpl\" data-cfajax=\"CF5b55db37ca8f6\" data-load-element=\"_parent\" data-load-class=\"cf_processing\" data-post-disable=\"0\" data-action=\"cf_process_ajax_submit\" data-request=\"https:\/\/www.bipartner.be\/en\/\/cf-api\/CF5b55db37ca8f6\" data-hiderows=\"true\">\r\n<input type=\"hidden\" id=\"_cf_verify_CF5b55db37ca8f6\" name=\"_cf_verify\" value=\"1ca3ec8283\"  data-nonce-time=\"1778255548\" \/><input type=\"hidden\" name=\"_wp_http_referer\" value=\"\/en\/wp-json\/wp\/v2\/pages\/2568\" \/><div id=\"cf2-CF5b55db37ca8f6_1\"><\/div><input type=\"hidden\" name=\"_cf_frm_id\" value=\"CF5b55db37ca8f6\">\r\n<input type=\"hidden\" name=\"_cf_frm_ct\" value=\"1\">\r\n<input type=\"hidden\" name=\"cfajax\" value=\"CF5b55db37ca8f6\">\r\n<input type=\"hidden\" name=\"_cf_cr_pst\" value=\"2568\">\r\n<div class=\"hide\" style=\"display:none; overflow:hidden;height:0;width:0;\">\r\n<label>Name<\/label><input type=\"text\" name=\"name\" value=\"\" autocomplete=\"off\">\r\n<\/div><div id=\"CF5b55db37ca8f6_1-row-1\"  class=\"row  first_row\"><div  class=\"col-sm-12  single\"><div data-field-wrapper=\"fld_8768091\" class=\"form-group\" id=\"fld_8768091_1-wrap\">\r\n\t<label id=\"fld_8768091Label\" for=\"fld_8768091_1\" class=\"control-label\">Nom complet <span aria-hidden=\"true\" role=\"presentation\" class=\"field_required\" style=\"color:#ee0000;\">*<\/span><\/label>\r\n\t<div class=\"\">\r\n\t\t<input placeholder=\"Votre nom complet\"  required type=\"text\" data-field=\"fld_8768091\" class=\" form-control\" id=\"fld_8768091_1\" name=\"fld_8768091\" value=\"\" data-type=\"text\" aria-required=\"true\"   aria-labelledby=\"fld_8768091Label\" >\t\t\t<\/div>\r\n<\/div>\r\n<div data-field-wrapper=\"fld_6009157\" class=\"form-group\" id=\"fld_6009157_1-wrap\">\r\n\t<label id=\"fld_6009157Label\" for=\"fld_6009157_1\" class=\"control-label\">Adresse e-mail <span aria-hidden=\"true\" role=\"presentation\" class=\"field_required\" style=\"color:#ee0000;\">*<\/span><\/label>\r\n\t<div class=\"\">\r\n\t\t<input placeholder=\"Votre adresse e-mail\"  required type=\"email\" data-field=\"fld_6009157\" class=\" form-control\" id=\"fld_6009157_1\" name=\"fld_6009157\" value=\"\" data-type=\"email\" aria-required=\"true\"   aria-labelledby=\"fld_6009157Label\" >\t\t\t<\/div>\r\n<\/div>\r\n<div data-field-wrapper=\"fld_753292\" class=\"form-group\" id=\"fld_753292_1-wrap\">\r\n\t<label id=\"fld_753292Label\" for=\"fld_753292_1\" class=\"control-label\">T\u00e9l\u00e9phone <span aria-hidden=\"true\" role=\"presentation\" class=\"field_required\" style=\"color:#ee0000;\">*<\/span><\/label>\r\n\t<div class=\"\">\r\n\t\t<input placeholder=\"Votre num\u00e9ro de t\u00e9l\u00e9phone\"  required type=\"tel\" data-field=\"fld_753292\" class=\" form-control\" id=\"fld_753292_1\" name=\"fld_753292\" value=\"+32\" data-type=\"phone_better\" aria-required=\"true\"   aria-labelledby=\"fld_753292Label\" >\t\t\t<\/div>\r\n<\/div>\r\n<\/div><\/div><div id=\"CF5b55db37ca8f6_1-row-2\"  class=\"row \"><div  class=\"col-sm-12  single\"><div data-field-wrapper=\"fld_7683514\" class=\"form-group\" id=\"fld_7683514_1-wrap\">\r\n\t<label id=\"fld_7683514Label\" for=\"fld_7683514_1\" class=\"control-label\">Message <span aria-hidden=\"true\" role=\"presentation\" class=\"field_required\" style=\"color:#ee0000;\">*<\/span><\/label>\r\n\t<div class=\"\">\r\n\t\t<textarea name=\"fld_7683514\" value=\"\" data-field=\"fld_7683514\" class=\"form-control\" id=\"fld_7683514_1\" rows=\"7\"  required=\"required\"  aria-labelledby=\"fld_7683514Label\" ><\/textarea>\n\t\t\t<\/div>\r\n<\/div>\r\n<\/div><\/div><div id=\"CF5b55db37ca8f6_1-row-3\"  class=\"row  last_row\"><div  class=\"col-sm-12  single\"><div data-field-wrapper=\"fld_7908577\" class=\"form-group\" id=\"fld_7908577_1-wrap\">\r\n<div class=\"\">\r\n\t<input  class=\"btn btn-default\" type=\"submit\" name=\"fld_7908577\" id=\"fld_7908577_1\" value=\"Discutons!\" data-field=\"fld_7908577\"  >\n<\/div>\r\n<\/div>\r\n\t<input class=\"button_trigger_1\" type=\"hidden\" name=\"fld_7908577\" id=\"fld_7908577_1_btn\" value=\"\" data-field=\"fld_7908577\"  \/>\n<\/div><\/div><\/form>\r\n<\/div>\r\n<div class=\"fusion-clearfix\"><\/div><\/div><\/div><div class=\"fusion-layout-column fusion_builder_column fusion-builder-column-6 fusion_builder_column_1_2 1_2 fusion-one-half fusion-column-last\" style=\"--awb-bg-size:cover;width:50%;width:calc(50% - ( ( 4% ) * 0.5 ) );\"><div class=\"fusion-column-wrapper fusion-flex-column-wrapper-legacy\"><div class=\"fusion-clearfix\"><\/div><\/div><\/div><\/div><\/div><\/p>\n","protected":false},"excerpt":{"rendered":"","protected":false},"author":1,"featured_media":0,"parent":0,"menu_order":0,"comment_status":"closed","ping_status":"closed","template":"100-width.php","meta":{"footnotes":""},"class_list":["post-2568","page","type-page","status-publish","hentry"],"yoast_head":"<!-- This site is optimized with the Yoast SEO plugin v27.5 - https:\/\/yoast.com\/product\/yoast-seo-wordpress\/ -->\n<title>Big Data Consulting - BI Partner<\/title>\n<meta name=\"robots\" content=\"index, follow, max-snippet:-1, max-image-preview:large, max-video-preview:-1\" \/>\n<link rel=\"canonical\" href=\"https:\/\/www.bipartner.be\/en\/big-data-consulting\/\" \/>\n<meta property=\"og:locale\" content=\"en_US\" \/>\n<meta property=\"og:type\" content=\"article\" \/>\n<meta property=\"og:title\" content=\"Big Data Consulting - BI Partner\" \/>\n<meta property=\"og:url\" content=\"https:\/\/www.bipartner.be\/en\/big-data-consulting\/\" \/>\n<meta property=\"og:site_name\" content=\"BI Partner\" \/>\n<meta property=\"article:modified_time\" content=\"2025-06-16T16:15:15+00:00\" \/>\n<meta name=\"twitter:card\" content=\"summary_large_image\" \/>\n<meta name=\"twitter:label1\" content=\"Est. reading time\" \/>\n\t<meta name=\"twitter:data1\" content=\"2 minutes\" \/>\n<script type=\"application\/ld+json\" class=\"yoast-schema-graph\">{\"@context\":\"https:\\\/\\\/schema.org\",\"@graph\":[{\"@type\":\"WebPage\",\"@id\":\"https:\\\/\\\/www.bipartner.be\\\/en\\\/big-data-consulting\\\/\",\"url\":\"https:\\\/\\\/www.bipartner.be\\\/en\\\/big-data-consulting\\\/\",\"name\":\"Big Data Consulting - BI Partner\",\"isPartOf\":{\"@id\":\"https:\\\/\\\/www.bipartner.be\\\/en\\\/#website\"},\"datePublished\":\"2018-06-18T20:19:22+00:00\",\"dateModified\":\"2025-06-16T16:15:15+00:00\",\"breadcrumb\":{\"@id\":\"https:\\\/\\\/www.bipartner.be\\\/en\\\/big-data-consulting\\\/#breadcrumb\"},\"inLanguage\":\"en-US\",\"potentialAction\":[{\"@type\":\"ReadAction\",\"target\":[\"https:\\\/\\\/www.bipartner.be\\\/en\\\/big-data-consulting\\\/\"]}]},{\"@type\":\"BreadcrumbList\",\"@id\":\"https:\\\/\\\/www.bipartner.be\\\/en\\\/big-data-consulting\\\/#breadcrumb\",\"itemListElement\":[{\"@type\":\"ListItem\",\"position\":1,\"name\":\"Home\",\"item\":\"https:\\\/\\\/www.bipartner.be\\\/en\\\/\"},{\"@type\":\"ListItem\",\"position\":2,\"name\":\"Big Data Consulting\"}]},{\"@type\":\"WebSite\",\"@id\":\"https:\\\/\\\/www.bipartner.be\\\/en\\\/#website\",\"url\":\"https:\\\/\\\/www.bipartner.be\\\/en\\\/\",\"name\":\"BI Partner\",\"description\":\"Business Intelligence consulting\",\"publisher\":{\"@id\":\"https:\\\/\\\/www.bipartner.be\\\/en\\\/#organization\"},\"potentialAction\":[{\"@type\":\"SearchAction\",\"target\":{\"@type\":\"EntryPoint\",\"urlTemplate\":\"https:\\\/\\\/www.bipartner.be\\\/en\\\/?s={search_term_string}\"},\"query-input\":{\"@type\":\"PropertyValueSpecification\",\"valueRequired\":true,\"valueName\":\"search_term_string\"}}],\"inLanguage\":\"en-US\"},{\"@type\":\"Organization\",\"@id\":\"https:\\\/\\\/www.bipartner.be\\\/en\\\/#organization\",\"name\":\"BI Partner\",\"url\":\"https:\\\/\\\/www.bipartner.be\\\/en\\\/\",\"logo\":{\"@type\":\"ImageObject\",\"inLanguage\":\"en-US\",\"@id\":\"https:\\\/\\\/www.bipartner.be\\\/en\\\/#\\\/schema\\\/logo\\\/image\\\/\",\"url\":\"https:\\\/\\\/www.bipartner.be\\\/wp-content\\\/uploads\\\/2018\\\/05\\\/BIPartnerLogoPNG_wo_border_small_mobileretina.png\",\"contentUrl\":\"https:\\\/\\\/www.bipartner.be\\\/wp-content\\\/uploads\\\/2018\\\/05\\\/BIPartnerLogoPNG_wo_border_small_mobileretina.png\",\"width\":500,\"height\":172,\"caption\":\"BI Partner\"},\"image\":{\"@id\":\"https:\\\/\\\/www.bipartner.be\\\/en\\\/#\\\/schema\\\/logo\\\/image\\\/\"}}]}<\/script>\n<!-- \/ Yoast SEO plugin. -->","yoast_head_json":{"title":"Big Data Consulting - BI Partner","robots":{"index":"index","follow":"follow","max-snippet":"max-snippet:-1","max-image-preview":"max-image-preview:large","max-video-preview":"max-video-preview:-1"},"canonical":"https:\/\/www.bipartner.be\/en\/big-data-consulting\/","og_locale":"en_US","og_type":"article","og_title":"Big Data Consulting - BI Partner","og_url":"https:\/\/www.bipartner.be\/en\/big-data-consulting\/","og_site_name":"BI Partner","article_modified_time":"2025-06-16T16:15:15+00:00","twitter_card":"summary_large_image","twitter_misc":{"Est. reading time":"2 minutes"},"schema":{"@context":"https:\/\/schema.org","@graph":[{"@type":"WebPage","@id":"https:\/\/www.bipartner.be\/en\/big-data-consulting\/","url":"https:\/\/www.bipartner.be\/en\/big-data-consulting\/","name":"Big Data Consulting - BI Partner","isPartOf":{"@id":"https:\/\/www.bipartner.be\/en\/#website"},"datePublished":"2018-06-18T20:19:22+00:00","dateModified":"2025-06-16T16:15:15+00:00","breadcrumb":{"@id":"https:\/\/www.bipartner.be\/en\/big-data-consulting\/#breadcrumb"},"inLanguage":"en-US","potentialAction":[{"@type":"ReadAction","target":["https:\/\/www.bipartner.be\/en\/big-data-consulting\/"]}]},{"@type":"BreadcrumbList","@id":"https:\/\/www.bipartner.be\/en\/big-data-consulting\/#breadcrumb","itemListElement":[{"@type":"ListItem","position":1,"name":"Home","item":"https:\/\/www.bipartner.be\/en\/"},{"@type":"ListItem","position":2,"name":"Big Data Consulting"}]},{"@type":"WebSite","@id":"https:\/\/www.bipartner.be\/en\/#website","url":"https:\/\/www.bipartner.be\/en\/","name":"BI Partner","description":"Business Intelligence consulting","publisher":{"@id":"https:\/\/www.bipartner.be\/en\/#organization"},"potentialAction":[{"@type":"SearchAction","target":{"@type":"EntryPoint","urlTemplate":"https:\/\/www.bipartner.be\/en\/?s={search_term_string}"},"query-input":{"@type":"PropertyValueSpecification","valueRequired":true,"valueName":"search_term_string"}}],"inLanguage":"en-US"},{"@type":"Organization","@id":"https:\/\/www.bipartner.be\/en\/#organization","name":"BI Partner","url":"https:\/\/www.bipartner.be\/en\/","logo":{"@type":"ImageObject","inLanguage":"en-US","@id":"https:\/\/www.bipartner.be\/en\/#\/schema\/logo\/image\/","url":"https:\/\/www.bipartner.be\/wp-content\/uploads\/2018\/05\/BIPartnerLogoPNG_wo_border_small_mobileretina.png","contentUrl":"https:\/\/www.bipartner.be\/wp-content\/uploads\/2018\/05\/BIPartnerLogoPNG_wo_border_small_mobileretina.png","width":500,"height":172,"caption":"BI Partner"},"image":{"@id":"https:\/\/www.bipartner.be\/en\/#\/schema\/logo\/image\/"}}]}},"_links":{"self":[{"href":"https:\/\/www.bipartner.be\/en\/wp-json\/wp\/v2\/pages\/2568","targetHints":{"allow":["GET"]}}],"collection":[{"href":"https:\/\/www.bipartner.be\/en\/wp-json\/wp\/v2\/pages"}],"about":[{"href":"https:\/\/www.bipartner.be\/en\/wp-json\/wp\/v2\/types\/page"}],"author":[{"embeddable":true,"href":"https:\/\/www.bipartner.be\/en\/wp-json\/wp\/v2\/users\/1"}],"replies":[{"embeddable":true,"href":"https:\/\/www.bipartner.be\/en\/wp-json\/wp\/v2\/comments?post=2568"}],"version-history":[{"count":5,"href":"https:\/\/www.bipartner.be\/en\/wp-json\/wp\/v2\/pages\/2568\/revisions"}],"predecessor-version":[{"id":2831,"href":"https:\/\/www.bipartner.be\/en\/wp-json\/wp\/v2\/pages\/2568\/revisions\/2831"}],"wp:attachment":[{"href":"https:\/\/www.bipartner.be\/en\/wp-json\/wp\/v2\/media?parent=2568"}],"curies":[{"name":"wp","href":"https:\/\/api.w.org\/{rel}","templated":true}]}}